{"id":1863,"date":"2018-09-28T10:46:24","date_gmt":"2018-09-28T09:46:24","guid":{"rendered":"http:\/\/www.bordee-de-tribord.ch\/wp\/?page_id=1863"},"modified":"2019-02-15T18:22:00","modified_gmt":"2019-02-15T17:22:00","slug":"agenda-bt","status":"publish","type":"page","link":"http:\/\/www.bordee-de-tribord.ch\/wp\/agenda-bt\/","title":{"rendered":"Agenda BT"},"content":{"rendered":"<p style=\"text-align: left;\">L&#8217;agenda est tenu \u00e0 jour par les membres du Carr\u00e9. Si vous voulez y ajouter un \u00e9v\u00e9nement adressez-vous par mail \u00e0\u00a0<a href=\"mailto:clubhouse@bordee-de-tribord.ch\">clubhouse@bordee-de-tribord.ch<\/a>.<\/p>\n<p style=\"text-align: center;\"><iframe loading=\"lazy\" style=\"border: 0;\" src=\"https:\/\/calendar.google.com\/calendar\/embed?src=bt.laneuveville%40gmail.com&amp;ctz=Europe%2FZurich\" width=\"800\" height=\"600\" frameborder=\"0\" scrolling=\"no\"><\/iframe><\/p>\n","protected":false},"excerpt":{"rendered":"<p>L&#8217;agenda est tenu \u00e0 jour par les membres du Carr\u00e9. Si vous voulez y ajouter un \u00e9v\u00e9nement adressez-vous par mail \u00e0\u00a0clubhouse@bordee-de-tribord.ch.<\/p>\n","protected":false},"author":9,"featured_media":0,"parent":0,"menu_order":0,"comment_status":"closed","ping_status":"closed","template":"","meta":{"ngg_post_thumbnail":0,"footnotes":""},"class_list":["post-1863","page","type-page","status-publish","hentry","nc-is-auto-shared"],"_links":{"self":[{"href":"http:\/\/www.bordee-de-tribord.ch\/wp\/wp-json\/wp\/v2\/pages\/1863","targetHints":{"allow":["GET"]}}],"collection":[{"href":"http:\/\/www.bordee-de-tribord.ch\/wp\/wp-json\/wp\/v2\/pages"}],"about":[{"href":"http:\/\/www.bordee-de-tribord.ch\/wp\/wp-json\/wp\/v2\/types\/page"}],"author":[{"embeddable":true,"href":"http:\/\/www.bordee-de-tribord.ch\/wp\/wp-json\/wp\/v2\/users\/9"}],"replies":[{"embeddable":true,"href":"http:\/\/www.bordee-de-tribord.ch\/wp\/wp-json\/wp\/v2\/comments?post=1863"}],"version-history":[{"count":7,"href":"http:\/\/www.bordee-de-tribord.ch\/wp\/wp-json\/wp\/v2\/pages\/1863\/revisions"}],"predecessor-version":[{"id":2047,"href":"http:\/\/www.bordee-de-tribord.ch\/wp\/wp-json\/wp\/v2\/pages\/1863\/revisions\/2047"}],"wp:attachment":[{"href":"http:\/\/www.bordee-de-tribord.ch\/wp\/wp-json\/wp\/v2\/media?parent=1863"}],"curies":[{"name":"wp","href":"https:\/\/api.w.org\/{rel}","templated":true}]}}